{"id":175,"date":"2016-10-31T18:11:07","date_gmt":"2016-10-31T18:11:07","guid":{"rendered":"http:\/\/vestjysk-totalservice.dk\/?page_id=175"},"modified":"2024-01-11T17:28:44","modified_gmt":"2024-01-11T16:28:44","slug":"pasningsaftale","status":"publish","type":"page","link":"https:\/\/vestjysk-totalservice.dk\/index.php\/pasningsaftale\/","title":{"rendered":"Hvad tilbyder vi"},"content":{"rendered":"\n<figure class=\"wp-block-image size-large is-resized\"><img loading=\"lazy\" decoding=\"async\" width=\"1024\" height=\"922\" src=\"https:\/\/vestjysk-totalservice.dk\/wp-contents\/uploads\/2022\/12\/304357763_766201981424745_1332177409772714634_n-mail-1024x922.jpg\" alt=\"\" class=\"wp-image-638\" style=\"width:292px;height:263px\" srcset=\"https:\/\/vestjysk-totalservice.dk\/wp-contents\/uploads\/2022\/12\/304357763_766201981424745_1332177409772714634_n-mail-1024x922.jpg 1024w, https:\/\/vestjysk-totalservice.dk\/wp-contents\/uploads\/2022\/12\/304357763_766201981424745_1332177409772714634_n-mail-300x270.jpg 300w, https:\/\/vestjysk-totalservice.dk\/wp-contents\/uploads\/2022\/12\/304357763_766201981424745_1332177409772714634_n-mail-768x691.jpg 768w, https:\/\/vestjysk-totalservice.dk\/wp-contents\/uploads\/2022\/12\/304357763_766201981424745_1332177409772714634_n-mail-1x1.jpg 1w, https:\/\/vestjysk-totalservice.dk\/wp-contents\/uploads\/2022\/12\/304357763_766201981424745_1332177409772714634_n-mail-600x540.jpg 600w, https:\/\/vestjysk-totalservice.dk\/wp-contents\/uploads\/2022\/12\/304357763_766201981424745_1332177409772714634_n-mail.jpg 1440w\" sizes=\"auto, (max-width: 1024px) 100vw, 1024px\" \/><\/figure>\n\n\n<ul>\n<li>\n<h3>H\u00e6kplantning fra A-Z<\/h3>\n<\/li>\n<li>\n<h3>Etablering af gr\u00e6spl\u00e6ner ogs\u00e5 rullegr\u00e6s<\/h3>\n<\/li>\n<li>\n<h3>Gr\u00e6sklipning ogs\u00e5 st\u00f8rre arealer<\/h3>\n<\/li>\n<li>\n<h3>H\u00e6kklipning ogs\u00e5 purh\u00e6kke<\/h3>\n<\/li>\n<li>\n<h3>Besk\u00e6ring tr\u00e6f\u00e6ldning og kulturpleje<\/h3>\n<\/li>\n<li>\n<h3>Rod &amp; Stubfr\u00e6sning<\/h3>\n<\/li>\n<li>\n<h3>Fliserensning u\/kemi<\/h3>\n<\/li>\n<li>\n<h3>Algebehandling\u00a0<\/h3>\n<\/li>\n<li>\n<h3>Slagleklipning af hyben etc:<\/h3>\n<\/li>\n<li>\n<h3>Ops\u00e6tning af Hegn &amp; Stakit<\/h3>\n<\/li>\n<li>\n<h3>Afretning af grusveje helt ned til 2m i bredde<\/h3>\n<\/li>\n<li>\n<h3>Kreative havel\u00f8sninger<\/h3>\n<\/li>\n<li>\n<h3>Faste pasningsaftaler &amp; servicering i sommerhusomr\u00e5derne<\/h3>\n<\/li>\n<li>\n<h3>Behj\u00e6lpelig med servicefradrag ( KUN private )<\/h3>\n<\/li>\n<li>\n<h3>Altid gratis og uforpligtet tilbud<\/h3>\n<\/li>\n<\/ul>\n<h2>Med 35 \u00e5rs erfaring er du sikret en god start p\u00e5 din nye have<\/h2>\n<p>(<span style=\"color: #999999;\"> Forbehold for pris\u00e6ndringer og fejl )<\/span><\/p>","protected":false},"excerpt":{"rendered":"<p>H\u00e6kplantning fra A-Z Etablering af gr\u00e6spl\u00e6ner ogs\u00e5 rullegr\u00e6s Gr\u00e6sklipning ogs\u00e5 st\u00f8rre arealer H\u00e6kklipning ogs\u00e5 purh\u00e6kke Besk\u00e6ring tr\u00e6f\u00e6ldning og kulturpleje Rod &amp; Stubfr\u00e6sning Fliserensning u\/kemi Algebehandling\u00a0 Slagleklipning af hyben etc: Ops\u00e6tning af Hegn &amp; Stakit Afretning af grusveje helt ned til 2m i bredde Kreative havel\u00f8sninger Faste pasningsaftaler &amp; servicering i sommerhusomr\u00e5derne Behj\u00e6lpelig med servicefradrag ( KUN private ) Altid gratis og uforpligtet tilbud Med 35 \u00e5rs erfaring er du sikret en god start p\u00e5 din nye have ( Forbehold for pris\u00e6ndringer og fejl )<\/p>\n","protected":false},"author":1,"featured_media":0,"parent":0,"menu_order":0,"comment_status":"closed","ping_status":"closed","template":"","meta":{"footnotes":""},"class_list":["post-175","page","type-page","status-publish"],"yoast_head":"<!-- This site is optimized with the Yoast SEO plugin v27.2 - https:\/\/yoast.com\/product\/yoast-seo-wordpress\/ -->\n<title>Hvad tilbyder vi - Vestjysk Totalservice<\/title>\n<meta name=\"robots\" content=\"index, follow, max-snippet:-1, max-image-preview:large, max-video-preview:-1\" \/>\n<link rel=\"canonical\" href=\"https:\/\/vestjysk-totalservice.dk\/index.php\/pasningsaftale\/\" \/>\n<meta property=\"og:locale\" content=\"da_DK\" \/>\n<meta property=\"og:type\" content=\"article\" \/>\n<meta property=\"og:title\" content=\"Hvad tilbyder vi - Vestjysk Totalservice\" \/>\n<meta property=\"og:description\" content=\"H\u00e6kplantning fra A-Z Etablering af gr\u00e6spl\u00e6ner ogs\u00e5 rullegr\u00e6s Gr\u00e6sklipning ogs\u00e5 st\u00f8rre arealer H\u00e6kklipning ogs\u00e5 purh\u00e6kke Besk\u00e6ring tr\u00e6f\u00e6ldning og kulturpleje Rod &amp; Stubfr\u00e6sning Fliserensning u\/kemi Algebehandling\u00a0 Slagleklipning af hyben etc: Ops\u00e6tning af Hegn &amp; Stakit Afretning af grusveje helt ned til 2m i bredde Kreative havel\u00f8sninger Faste pasningsaftaler &amp; servicering i sommerhusomr\u00e5derne Behj\u00e6lpelig med servicefradrag ( KUN private ) Altid gratis og uforpligtet tilbud Med 35 \u00e5rs erfaring er du sikret en god start p\u00e5 din nye have ( Forbehold for pris\u00e6ndringer og fejl )\" \/>\n<meta property=\"og:url\" content=\"https:\/\/vestjysk-totalservice.dk\/index.php\/pasningsaftale\/\" \/>\n<meta property=\"og:site_name\" content=\"Vestjysk Totalservice\" \/>\n<meta property=\"article:publisher\" content=\"https:\/\/www.facebook.com\/vestjysktotalservice\" \/>\n<meta property=\"article:modified_time\" content=\"2024-01-11T16:28:44+00:00\" \/>\n<meta property=\"og:image\" content=\"https:\/\/vestjysk-totalservice.dk\/wp-contents\/uploads\/2022\/12\/304357763_766201981424745_1332177409772714634_n-mail-1024x922.jpg\" \/>\n<meta name=\"twitter:card\" content=\"summary_large_image\" \/>\n<meta name=\"twitter:label1\" content=\"Estimeret l\u00e6setid\" \/>\n\t<meta name=\"twitter:data1\" content=\"1 minut\" \/>\n<script type=\"application\/ld+json\" class=\"yoast-schema-graph\">{\"@context\":\"https:\/\/schema.org\",\"@graph\":[{\"@type\":\"WebPage\",\"@id\":\"https:\/\/vestjysk-totalservice.dk\/index.php\/pasningsaftale\/\",\"url\":\"https:\/\/vestjysk-totalservice.dk\/index.php\/pasningsaftale\/\",\"name\":\"Hvad tilbyder vi - Vestjysk Totalservice\",\"isPartOf\":{\"@id\":\"https:\/\/vestjysk-totalservice.dk\/#website\"},\"primaryImageOfPage\":{\"@id\":\"https:\/\/vestjysk-totalservice.dk\/index.php\/pasningsaftale\/#primaryimage\"},\"image\":{\"@id\":\"https:\/\/vestjysk-totalservice.dk\/index.php\/pasningsaftale\/#primaryimage\"},\"thumbnailUrl\":\"https:\/\/vestjysk-totalservice.dk\/wp-contents\/uploads\/2022\/12\/304357763_766201981424745_1332177409772714634_n-mail-1024x922.jpg\",\"datePublished\":\"2016-10-31T18:11:07+00:00\",\"dateModified\":\"2024-01-11T16:28:44+00:00\",\"breadcrumb\":{\"@id\":\"https:\/\/vestjysk-totalservice.dk\/index.php\/pasningsaftale\/#breadcrumb\"},\"inLanguage\":\"da-DK\",\"potentialAction\":[{\"@type\":\"ReadAction\",\"target\":[\"https:\/\/vestjysk-totalservice.dk\/index.php\/pasningsaftale\/\"]}]},{\"@type\":\"ImageObject\",\"inLanguage\":\"da-DK\",\"@id\":\"https:\/\/vestjysk-totalservice.dk\/index.php\/pasningsaftale\/#primaryimage\",\"url\":\"https:\/\/vestjysk-totalservice.dk\/wp-contents\/uploads\/2022\/12\/304357763_766201981424745_1332177409772714634_n-mail.jpg\",\"contentUrl\":\"https:\/\/vestjysk-totalservice.dk\/wp-contents\/uploads\/2022\/12\/304357763_766201981424745_1332177409772714634_n-mail.jpg\",\"width\":1440,\"height\":1296},{\"@type\":\"BreadcrumbList\",\"@id\":\"https:\/\/vestjysk-totalservice.dk\/index.php\/pasningsaftale\/#breadcrumb\",\"itemListElement\":[{\"@type\":\"ListItem\",\"position\":1,\"name\":\"Hjem\",\"item\":\"https:\/\/vestjysk-totalservice.dk\/\"},{\"@type\":\"ListItem\",\"position\":2,\"name\":\"Hvad tilbyder vi\"}]},{\"@type\":\"WebSite\",\"@id\":\"https:\/\/vestjysk-totalservice.dk\/#website\",\"url\":\"https:\/\/vestjysk-totalservice.dk\/\",\"name\":\"Vestjysk Totalservice\",\"description\":\"Have &amp; anl\u00e6gsarbejde\",\"publisher\":{\"@id\":\"https:\/\/vestjysk-totalservice.dk\/#organization\"},\"potentialAction\":[{\"@type\":\"SearchAction\",\"target\":{\"@type\":\"EntryPoint\",\"urlTemplate\":\"https:\/\/vestjysk-totalservice.dk\/?s={search_term_string}\"},\"query-input\":{\"@type\":\"PropertyValueSpecification\",\"valueRequired\":true,\"valueName\":\"search_term_string\"}}],\"inLanguage\":\"da-DK\"},{\"@type\":\"Organization\",\"@id\":\"https:\/\/vestjysk-totalservice.dk\/#organization\",\"name\":\"Vestjysk-totalservice\",\"url\":\"https:\/\/vestjysk-totalservice.dk\/\",\"logo\":{\"@type\":\"ImageObject\",\"inLanguage\":\"da-DK\",\"@id\":\"https:\/\/vestjysk-totalservice.dk\/#\/schema\/logo\/image\/\",\"url\":\"https:\/\/vestjysk-totalservice.dk\/wp-contents\/uploads\/2016\/09\/logo3-e1474834406780.jpg\",\"contentUrl\":\"https:\/\/vestjysk-totalservice.dk\/wp-contents\/uploads\/2016\/09\/logo3-e1474834406780.jpg\",\"width\":150,\"height\":97,\"caption\":\"Vestjysk-totalservice\"},\"image\":{\"@id\":\"https:\/\/vestjysk-totalservice.dk\/#\/schema\/logo\/image\/\"},\"sameAs\":[\"https:\/\/www.facebook.com\/vestjysktotalservice\"]}]}<\/script>\n<!-- \/ Yoast SEO plugin. -->","yoast_head_json":{"title":"Hvad tilbyder vi - Vestjysk Totalservice","robots":{"index":"index","follow":"follow","max-snippet":"max-snippet:-1","max-image-preview":"max-image-preview:large","max-video-preview":"max-video-preview:-1"},"canonical":"https:\/\/vestjysk-totalservice.dk\/index.php\/pasningsaftale\/","og_locale":"da_DK","og_type":"article","og_title":"Hvad tilbyder vi - Vestjysk Totalservice","og_description":"H\u00e6kplantning fra A-Z Etablering af gr\u00e6spl\u00e6ner ogs\u00e5 rullegr\u00e6s Gr\u00e6sklipning ogs\u00e5 st\u00f8rre arealer H\u00e6kklipning ogs\u00e5 purh\u00e6kke Besk\u00e6ring tr\u00e6f\u00e6ldning og kulturpleje Rod &amp; Stubfr\u00e6sning Fliserensning u\/kemi Algebehandling\u00a0 Slagleklipning af hyben etc: Ops\u00e6tning af Hegn &amp; Stakit Afretning af grusveje helt ned til 2m i bredde Kreative havel\u00f8sninger Faste pasningsaftaler &amp; servicering i sommerhusomr\u00e5derne Behj\u00e6lpelig med servicefradrag ( KUN private ) Altid gratis og uforpligtet tilbud Med 35 \u00e5rs erfaring er du sikret en god start p\u00e5 din nye have ( Forbehold for pris\u00e6ndringer og fejl )","og_url":"https:\/\/vestjysk-totalservice.dk\/index.php\/pasningsaftale\/","og_site_name":"Vestjysk Totalservice","article_publisher":"https:\/\/www.facebook.com\/vestjysktotalservice","article_modified_time":"2024-01-11T16:28:44+00:00","og_image":[{"url":"https:\/\/vestjysk-totalservice.dk\/wp-contents\/uploads\/2022\/12\/304357763_766201981424745_1332177409772714634_n-mail-1024x922.jpg","type":"","width":"","height":""}],"twitter_card":"summary_large_image","twitter_misc":{"Estimeret l\u00e6setid":"1 minut"},"schema":{"@context":"https:\/\/schema.org","@graph":[{"@type":"WebPage","@id":"https:\/\/vestjysk-totalservice.dk\/index.php\/pasningsaftale\/","url":"https:\/\/vestjysk-totalservice.dk\/index.php\/pasningsaftale\/","name":"Hvad tilbyder vi - Vestjysk Totalservice","isPartOf":{"@id":"https:\/\/vestjysk-totalservice.dk\/#website"},"primaryImageOfPage":{"@id":"https:\/\/vestjysk-totalservice.dk\/index.php\/pasningsaftale\/#primaryimage"},"image":{"@id":"https:\/\/vestjysk-totalservice.dk\/index.php\/pasningsaftale\/#primaryimage"},"thumbnailUrl":"https:\/\/vestjysk-totalservice.dk\/wp-contents\/uploads\/2022\/12\/304357763_766201981424745_1332177409772714634_n-mail-1024x922.jpg","datePublished":"2016-10-31T18:11:07+00:00","dateModified":"2024-01-11T16:28:44+00:00","breadcrumb":{"@id":"https:\/\/vestjysk-totalservice.dk\/index.php\/pasningsaftale\/#breadcrumb"},"inLanguage":"da-DK","potentialAction":[{"@type":"ReadAction","target":["https:\/\/vestjysk-totalservice.dk\/index.php\/pasningsaftale\/"]}]},{"@type":"ImageObject","inLanguage":"da-DK","@id":"https:\/\/vestjysk-totalservice.dk\/index.php\/pasningsaftale\/#primaryimage","url":"https:\/\/vestjysk-totalservice.dk\/wp-contents\/uploads\/2022\/12\/304357763_766201981424745_1332177409772714634_n-mail.jpg","contentUrl":"https:\/\/vestjysk-totalservice.dk\/wp-contents\/uploads\/2022\/12\/304357763_766201981424745_1332177409772714634_n-mail.jpg","width":1440,"height":1296},{"@type":"BreadcrumbList","@id":"https:\/\/vestjysk-totalservice.dk\/index.php\/pasningsaftale\/#breadcrumb","itemListElement":[{"@type":"ListItem","position":1,"name":"Hjem","item":"https:\/\/vestjysk-totalservice.dk\/"},{"@type":"ListItem","position":2,"name":"Hvad tilbyder vi"}]},{"@type":"WebSite","@id":"https:\/\/vestjysk-totalservice.dk\/#website","url":"https:\/\/vestjysk-totalservice.dk\/","name":"Vestjysk Totalservice","description":"Have &amp; anl\u00e6gsarbejde","publisher":{"@id":"https:\/\/vestjysk-totalservice.dk\/#organization"},"potentialAction":[{"@type":"SearchAction","target":{"@type":"EntryPoint","urlTemplate":"https:\/\/vestjysk-totalservice.dk\/?s={search_term_string}"},"query-input":{"@type":"PropertyValueSpecification","valueRequired":true,"valueName":"search_term_string"}}],"inLanguage":"da-DK"},{"@type":"Organization","@id":"https:\/\/vestjysk-totalservice.dk\/#organization","name":"Vestjysk-totalservice","url":"https:\/\/vestjysk-totalservice.dk\/","logo":{"@type":"ImageObject","inLanguage":"da-DK","@id":"https:\/\/vestjysk-totalservice.dk\/#\/schema\/logo\/image\/","url":"https:\/\/vestjysk-totalservice.dk\/wp-contents\/uploads\/2016\/09\/logo3-e1474834406780.jpg","contentUrl":"https:\/\/vestjysk-totalservice.dk\/wp-contents\/uploads\/2016\/09\/logo3-e1474834406780.jpg","width":150,"height":97,"caption":"Vestjysk-totalservice"},"image":{"@id":"https:\/\/vestjysk-totalservice.dk\/#\/schema\/logo\/image\/"},"sameAs":["https:\/\/www.facebook.com\/vestjysktotalservice"]}]}},"_links":{"self":[{"href":"https:\/\/vestjysk-totalservice.dk\/index.php\/wp-json\/wp\/v2\/pages\/175","targetHints":{"allow":["GET"]}}],"collection":[{"href":"https:\/\/vestjysk-totalservice.dk\/index.php\/wp-json\/wp\/v2\/pages"}],"about":[{"href":"https:\/\/vestjysk-totalservice.dk\/index.php\/wp-json\/wp\/v2\/types\/page"}],"author":[{"embeddable":true,"href":"https:\/\/vestjysk-totalservice.dk\/index.php\/wp-json\/wp\/v2\/users\/1"}],"replies":[{"embeddable":true,"href":"https:\/\/vestjysk-totalservice.dk\/index.php\/wp-json\/wp\/v2\/comments?post=175"}],"version-history":[{"count":13,"href":"https:\/\/vestjysk-totalservice.dk\/index.php\/wp-json\/wp\/v2\/pages\/175\/revisions"}],"predecessor-version":[{"id":711,"href":"https:\/\/vestjysk-totalservice.dk\/index.php\/wp-json\/wp\/v2\/pages\/175\/revisions\/711"}],"wp:attachment":[{"href":"https:\/\/vestjysk-totalservice.dk\/index.php\/wp-json\/wp\/v2\/media?parent=175"}],"curies":[{"name":"wp","href":"https:\/\/api.w.org\/{rel}","templated":true}]}}