{"id":372,"date":"2019-11-08T15:20:28","date_gmt":"2019-11-08T15:20:28","guid":{"rendered":"https:\/\/vestjysk-totalservice.dk\/?page_id=372"},"modified":"2026-03-27T07:21:57","modified_gmt":"2026-03-27T06:21:57","slug":"372-2","status":"publish","type":"page","link":"https:\/\/vestjysk-totalservice.dk\/index.php\/372-2\/","title":{"rendered":"Pasningsaftale 2026"},"content":{"rendered":"\n<p><strong>Pasningsaftaler er til dig der enten for travlt til selv at passe haven eller dig som er blevet \u00e6ldre<\/strong><\/p>\n\n\n\n<p><strong>eller har f\u00e5et en nedsat evne til selv at kunne h\u00e5ndtere haven .<\/strong><\/p>\n\n\n\n<p><strong>Udgangspunkt for en pasningsaftale.<\/strong><\/p>\n\n\n\n<h1 class=\"wp-block-heading\"><strong>S\u00e6son 2026 fra 1-4 til 1-1<\/strong>0<\/h1>\n\n\n\n<p>\ud83c\udf3f <strong>Gr\u00e6sklipning 2-3 gange hver m\u00e5ned<\/strong><\/p>\n\n\n\n<p>\ud83c\udf3f <strong>Der klippes kanter efter behov<\/strong><\/p>\n\n\n\n<p>\ud83c\udf3f <strong>Der klippes h\u00e6k 1 gang pr s\u00e6son *<\/strong><\/p>\n\n\n\n<p>\ud83c\udf3f <strong>Der besk\u00e6res 1 gang <\/strong><\/p>\n\n\n\n<p>\ud83c\udf3f <strong>Der fliserenses 1 gang med b\u00f8rsterenser<\/strong><\/p>\n\n\n\n<p>\ud83c\udf3f <strong>Algebehandling af fliser 1 gang ( max 150 kvm ) *<\/strong><\/p>\n\n\n\n<p>\ud83c\udf3f <strong>Affald fjernes<\/strong><\/p>\n\n\n\n<p><strong>Priserne afh\u00e6nger naturligvis af st\u00f8rrelse p\u00e5 de enkelte haver og ekstra service kan ogs\u00e5 tilk\u00f8bes *<\/strong><\/p>\n\n\n\n<p><strong>Vi er hos hver enkelt typisk 1 time pr gang <\/strong><\/p>\n\n\n\n<p><strong>Ved normal st\u00f8rrelse  ca 400 kvm ligger priserne typisk mellem 7.500 &#8211; 13.500<\/strong> <strong>kr + moms<\/strong> <strong>pr s\u00e6son<\/strong><\/p>\n\n\n\n<p><strong>Ved pasningsaftaler er transporttid og udgifter vedr: dette gratis<\/strong><\/p>\n\n\n\n<p><strong>Pasningsaftaler er altid forudbetalt <\/strong>. <strong>H\u00f8r n\u00e6rmere<\/strong><\/p>\n\n\n\n<p><strong>35 \u00e5rs erfaring sikre dig et godt udgangspunkt <\/strong><\/p>\n\n\n\n<p><strong>Der holdes sommerferie i uge<\/strong> <strong>27-2026<\/strong><\/p>\n\n\n\n<h3 class=\"wp-block-heading\">Husk at service fradraget og spar ca 26% p\u00e5 arbejdsl\u00f8nnen i 2026 er den p\u00e5 18,300 kr<\/h3>\n\n\n\n<p><\/p>\n","protected":false},"excerpt":{"rendered":"<p>Pasningsaftaler er til dig der enten for travlt til selv at passe haven eller dig som er blevet \u00e6ldre eller har f\u00e5et en nedsat evne til selv at kunne h\u00e5ndtere haven . Udgangspunkt for en pasningsaftale. S\u00e6son 2026 fra 1-4 til 1-10 \ud83c\udf3f Gr\u00e6sklipning 2-3 gange hver m\u00e5ned \ud83c\udf3f Der klippes kanter efter behov \ud83c\udf3f Der klippes h\u00e6k 1 gang pr s\u00e6son * \ud83c\udf3f Der besk\u00e6res 1 gang \ud83c\udf3f Der fliserenses 1 gang med b\u00f8rsterenser \ud83c\udf3f Algebehandling af fliser 1 gang ( max 150 kvm ) * \ud83c\udf3f Affald fjernes Priserne afh\u00e6nger naturligvis af st\u00f8rrelse p\u00e5 de enkelte haver og ekstra service kan ogs\u00e5 tilk\u00f8bes * Vi er hos hver enkelt typisk 1 time pr gang Ved normal st\u00f8rrelse ca 400 kvm ligger priserne typisk mellem 7.500 &#8211; 13.500 kr + moms pr s\u00e6son Ved pasningsaftaler er transporttid og udgifter vedr: dette gratis Pasningsaftaler er altid forudbetalt . H\u00f8r n\u00e6rmere&hellip;<\/p>\n<p> <a class=\"more-link\" href=\"https:\/\/vestjysk-totalservice.dk\/index.php\/372-2\/\">Read more<\/a><\/p>\n","protected":false},"author":1,"featured_media":0,"parent":0,"menu_order":0,"comment_status":"closed","ping_status":"closed","template":"","meta":{"footnotes":""},"class_list":["post-372","page","type-page","status-publish"],"yoast_head":"<!-- This site is optimized with the Yoast SEO plugin v27.2 - https:\/\/yoast.com\/product\/yoast-seo-wordpress\/ -->\n<title>Pasningsaftale 2026 - Vestjysk Totalservice<\/title>\n<meta name=\"robots\" content=\"index, follow, max-snippet:-1, max-image-preview:large, max-video-preview:-1\" \/>\n<link rel=\"canonical\" href=\"https:\/\/vestjysk-totalservice.dk\/index.php\/372-2\/\" \/>\n<meta property=\"og:locale\" content=\"da_DK\" \/>\n<meta property=\"og:type\" content=\"article\" \/>\n<meta property=\"og:title\" content=\"Pasningsaftale 2026 - Vestjysk Totalservice\" \/>\n<meta property=\"og:description\" content=\"Pasningsaftaler er til dig der enten for travlt til selv at passe haven eller dig som er blevet \u00e6ldre eller har f\u00e5et en nedsat evne til selv at kunne h\u00e5ndtere haven . Udgangspunkt for en pasningsaftale. S\u00e6son 2026 fra 1-4 til 1-10 \ud83c\udf3f Gr\u00e6sklipning 2-3 gange hver m\u00e5ned \ud83c\udf3f Der klippes kanter efter behov \ud83c\udf3f Der klippes h\u00e6k 1 gang pr s\u00e6son * \ud83c\udf3f Der besk\u00e6res 1 gang \ud83c\udf3f Der fliserenses 1 gang med b\u00f8rsterenser \ud83c\udf3f Algebehandling af fliser 1 gang ( max 150 kvm ) * \ud83c\udf3f Affald fjernes Priserne afh\u00e6nger naturligvis af st\u00f8rrelse p\u00e5 de enkelte haver og ekstra service kan ogs\u00e5 tilk\u00f8bes * Vi er hos hver enkelt typisk 1 time pr gang Ved normal st\u00f8rrelse ca 400 kvm ligger priserne typisk mellem 7.500 &#8211; 13.500 kr + moms pr s\u00e6son Ved pasningsaftaler er transporttid og udgifter vedr: dette gratis Pasningsaftaler er altid forudbetalt . H\u00f8r n\u00e6rmere&hellip;  Read more\" \/>\n<meta property=\"og:url\" content=\"https:\/\/vestjysk-totalservice.dk\/index.php\/372-2\/\" \/>\n<meta property=\"og:site_name\" content=\"Vestjysk Totalservice\" \/>\n<meta property=\"article:publisher\" content=\"https:\/\/www.facebook.com\/vestjysktotalservice\" \/>\n<meta property=\"article:modified_time\" content=\"2026-03-27T06:21:57+00:00\" \/>\n<meta name=\"twitter:card\" content=\"summary_large_image\" \/>\n<meta name=\"twitter:label1\" content=\"Estimeret l\u00e6setid\" \/>\n\t<meta name=\"twitter:data1\" content=\"1 minut\" \/>\n<script type=\"application\/ld+json\" class=\"yoast-schema-graph\">{\"@context\":\"https:\/\/schema.org\",\"@graph\":[{\"@type\":\"WebPage\",\"@id\":\"https:\/\/vestjysk-totalservice.dk\/index.php\/372-2\/\",\"url\":\"https:\/\/vestjysk-totalservice.dk\/index.php\/372-2\/\",\"name\":\"Pasningsaftale 2026 - Vestjysk Totalservice\",\"isPartOf\":{\"@id\":\"https:\/\/vestjysk-totalservice.dk\/#website\"},\"datePublished\":\"2019-11-08T15:20:28+00:00\",\"dateModified\":\"2026-03-27T06:21:57+00:00\",\"breadcrumb\":{\"@id\":\"https:\/\/vestjysk-totalservice.dk\/index.php\/372-2\/#breadcrumb\"},\"inLanguage\":\"da-DK\",\"potentialAction\":[{\"@type\":\"ReadAction\",\"target\":[\"https:\/\/vestjysk-totalservice.dk\/index.php\/372-2\/\"]}]},{\"@type\":\"BreadcrumbList\",\"@id\":\"https:\/\/vestjysk-totalservice.dk\/index.php\/372-2\/#breadcrumb\",\"itemListElement\":[{\"@type\":\"ListItem\",\"position\":1,\"name\":\"Hjem\",\"item\":\"https:\/\/vestjysk-totalservice.dk\/\"},{\"@type\":\"ListItem\",\"position\":2,\"name\":\"Pasningsaftale 2026\"}]},{\"@type\":\"WebSite\",\"@id\":\"https:\/\/vestjysk-totalservice.dk\/#website\",\"url\":\"https:\/\/vestjysk-totalservice.dk\/\",\"name\":\"Vestjysk Totalservice\",\"description\":\"Have &amp; anl\u00e6gsarbejde\",\"publisher\":{\"@id\":\"https:\/\/vestjysk-totalservice.dk\/#organization\"},\"potentialAction\":[{\"@type\":\"SearchAction\",\"target\":{\"@type\":\"EntryPoint\",\"urlTemplate\":\"https:\/\/vestjysk-totalservice.dk\/?s={search_term_string}\"},\"query-input\":{\"@type\":\"PropertyValueSpecification\",\"valueRequired\":true,\"valueName\":\"search_term_string\"}}],\"inLanguage\":\"da-DK\"},{\"@type\":\"Organization\",\"@id\":\"https:\/\/vestjysk-totalservice.dk\/#organization\",\"name\":\"Vestjysk-totalservice\",\"url\":\"https:\/\/vestjysk-totalservice.dk\/\",\"logo\":{\"@type\":\"ImageObject\",\"inLanguage\":\"da-DK\",\"@id\":\"https:\/\/vestjysk-totalservice.dk\/#\/schema\/logo\/image\/\",\"url\":\"https:\/\/vestjysk-totalservice.dk\/wp-contents\/uploads\/2016\/09\/logo3-e1474834406780.jpg\",\"contentUrl\":\"https:\/\/vestjysk-totalservice.dk\/wp-contents\/uploads\/2016\/09\/logo3-e1474834406780.jpg\",\"width\":150,\"height\":97,\"caption\":\"Vestjysk-totalservice\"},\"image\":{\"@id\":\"https:\/\/vestjysk-totalservice.dk\/#\/schema\/logo\/image\/\"},\"sameAs\":[\"https:\/\/www.facebook.com\/vestjysktotalservice\"]}]}<\/script>\n<!-- \/ Yoast SEO plugin. -->","yoast_head_json":{"title":"Pasningsaftale 2026 - Vestjysk Totalservice","robots":{"index":"index","follow":"follow","max-snippet":"max-snippet:-1","max-image-preview":"max-image-preview:large","max-video-preview":"max-video-preview:-1"},"canonical":"https:\/\/vestjysk-totalservice.dk\/index.php\/372-2\/","og_locale":"da_DK","og_type":"article","og_title":"Pasningsaftale 2026 - Vestjysk Totalservice","og_description":"Pasningsaftaler er til dig der enten for travlt til selv at passe haven eller dig som er blevet \u00e6ldre eller har f\u00e5et en nedsat evne til selv at kunne h\u00e5ndtere haven . Udgangspunkt for en pasningsaftale. S\u00e6son 2026 fra 1-4 til 1-10 \ud83c\udf3f Gr\u00e6sklipning 2-3 gange hver m\u00e5ned \ud83c\udf3f Der klippes kanter efter behov \ud83c\udf3f Der klippes h\u00e6k 1 gang pr s\u00e6son * \ud83c\udf3f Der besk\u00e6res 1 gang \ud83c\udf3f Der fliserenses 1 gang med b\u00f8rsterenser \ud83c\udf3f Algebehandling af fliser 1 gang ( max 150 kvm ) * \ud83c\udf3f Affald fjernes Priserne afh\u00e6nger naturligvis af st\u00f8rrelse p\u00e5 de enkelte haver og ekstra service kan ogs\u00e5 tilk\u00f8bes * Vi er hos hver enkelt typisk 1 time pr gang Ved normal st\u00f8rrelse ca 400 kvm ligger priserne typisk mellem 7.500 &#8211; 13.500 kr + moms pr s\u00e6son Ved pasningsaftaler er transporttid og udgifter vedr: dette gratis Pasningsaftaler er altid forudbetalt . H\u00f8r n\u00e6rmere&hellip;  Read more","og_url":"https:\/\/vestjysk-totalservice.dk\/index.php\/372-2\/","og_site_name":"Vestjysk Totalservice","article_publisher":"https:\/\/www.facebook.com\/vestjysktotalservice","article_modified_time":"2026-03-27T06:21:57+00:00","twitter_card":"summary_large_image","twitter_misc":{"Estimeret l\u00e6setid":"1 minut"},"schema":{"@context":"https:\/\/schema.org","@graph":[{"@type":"WebPage","@id":"https:\/\/vestjysk-totalservice.dk\/index.php\/372-2\/","url":"https:\/\/vestjysk-totalservice.dk\/index.php\/372-2\/","name":"Pasningsaftale 2026 - Vestjysk Totalservice","isPartOf":{"@id":"https:\/\/vestjysk-totalservice.dk\/#website"},"datePublished":"2019-11-08T15:20:28+00:00","dateModified":"2026-03-27T06:21:57+00:00","breadcrumb":{"@id":"https:\/\/vestjysk-totalservice.dk\/index.php\/372-2\/#breadcrumb"},"inLanguage":"da-DK","potentialAction":[{"@type":"ReadAction","target":["https:\/\/vestjysk-totalservice.dk\/index.php\/372-2\/"]}]},{"@type":"BreadcrumbList","@id":"https:\/\/vestjysk-totalservice.dk\/index.php\/372-2\/#breadcrumb","itemListElement":[{"@type":"ListItem","position":1,"name":"Hjem","item":"https:\/\/vestjysk-totalservice.dk\/"},{"@type":"ListItem","position":2,"name":"Pasningsaftale 2026"}]},{"@type":"WebSite","@id":"https:\/\/vestjysk-totalservice.dk\/#website","url":"https:\/\/vestjysk-totalservice.dk\/","name":"Vestjysk Totalservice","description":"Have &amp; anl\u00e6gsarbejde","publisher":{"@id":"https:\/\/vestjysk-totalservice.dk\/#organization"},"potentialAction":[{"@type":"SearchAction","target":{"@type":"EntryPoint","urlTemplate":"https:\/\/vestjysk-totalservice.dk\/?s={search_term_string}"},"query-input":{"@type":"PropertyValueSpecification","valueRequired":true,"valueName":"search_term_string"}}],"inLanguage":"da-DK"},{"@type":"Organization","@id":"https:\/\/vestjysk-totalservice.dk\/#organization","name":"Vestjysk-totalservice","url":"https:\/\/vestjysk-totalservice.dk\/","logo":{"@type":"ImageObject","inLanguage":"da-DK","@id":"https:\/\/vestjysk-totalservice.dk\/#\/schema\/logo\/image\/","url":"https:\/\/vestjysk-totalservice.dk\/wp-contents\/uploads\/2016\/09\/logo3-e1474834406780.jpg","contentUrl":"https:\/\/vestjysk-totalservice.dk\/wp-contents\/uploads\/2016\/09\/logo3-e1474834406780.jpg","width":150,"height":97,"caption":"Vestjysk-totalservice"},"image":{"@id":"https:\/\/vestjysk-totalservice.dk\/#\/schema\/logo\/image\/"},"sameAs":["https:\/\/www.facebook.com\/vestjysktotalservice"]}]}},"_links":{"self":[{"href":"https:\/\/vestjysk-totalservice.dk\/index.php\/wp-json\/wp\/v2\/pages\/372","targetHints":{"allow":["GET"]}}],"collection":[{"href":"https:\/\/vestjysk-totalservice.dk\/index.php\/wp-json\/wp\/v2\/pages"}],"about":[{"href":"https:\/\/vestjysk-totalservice.dk\/index.php\/wp-json\/wp\/v2\/types\/page"}],"author":[{"embeddable":true,"href":"https:\/\/vestjysk-totalservice.dk\/index.php\/wp-json\/wp\/v2\/users\/1"}],"replies":[{"embeddable":true,"href":"https:\/\/vestjysk-totalservice.dk\/index.php\/wp-json\/wp\/v2\/comments?post=372"}],"version-history":[{"count":15,"href":"https:\/\/vestjysk-totalservice.dk\/index.php\/wp-json\/wp\/v2\/pages\/372\/revisions"}],"predecessor-version":[{"id":806,"href":"https:\/\/vestjysk-totalservice.dk\/index.php\/wp-json\/wp\/v2\/pages\/372\/revisions\/806"}],"wp:attachment":[{"href":"https:\/\/vestjysk-totalservice.dk\/index.php\/wp-json\/wp\/v2\/media?parent=372"}],"curies":[{"name":"wp","href":"https:\/\/api.w.org\/{rel}","templated":true}]}}