{"id":72,"date":"2016-09-26T19:50:17","date_gmt":"2016-09-26T19:50:17","guid":{"rendered":"http:\/\/vestjysk-totalservice.dk\/?page_id=72"},"modified":"2016-10-12T15:20:41","modified_gmt":"2016-10-12T15:20:41","slug":"hjemmeside-type-3","status":"publish","type":"page","link":"https:\/\/vestjysk-totalservice.dk\/index.php\/priser\/hjemmeside-type-3\/","title":{"rendered":"Hjemmeside type 3"},"content":{"rendered":"<p>Hjemmeside type 3<\/p>\n<ol>\n<li>Responsive Tema<\/li>\n<li>Op til 10 menupunkter<\/li>\n<li>Billedgalleri<\/li>\n<li>Bookingsystem<\/li>\n<li>\u00a0automatisk skift til 4 sprog<\/li>\n<li>12 m\u00e5neders pasningsaftale med back-up og sikkerhedsopdateringer og andre \u00e6ndringer efter kundes \u00f8nske.<\/li>\n<li>\u00a0Dom\u00e6nenavn og 12 m\u00e5neders gratis hotel<\/li>\n<li>\u00a0Opl\u00e6ring af administrationsdel , s\u00e5ledes at du selv kan ligge nyheder og indl\u00e6g op.<\/li>\n<\/ol>\n<p>Pris: 4995 kr + moms<\/p>\n","protected":false},"excerpt":{"rendered":"<p>Hjemmeside type 3 Responsive Tema Op til 10 menupunkter Billedgalleri Bookingsystem \u00a0automatisk skift til 4 sprog 12 m\u00e5neders pasningsaftale med back-up og sikkerhedsopdateringer og andre \u00e6ndringer efter kundes \u00f8nske. \u00a0Dom\u00e6nenavn og 12 m\u00e5neders gratis hotel \u00a0Opl\u00e6ring af administrationsdel , s\u00e5ledes at du selv kan ligge nyheder og indl\u00e6g op. Pris: 4995 kr + moms<\/p>\n","protected":false},"author":1,"featured_media":0,"parent":66,"menu_order":0,"comment_status":"closed","ping_status":"closed","template":"","meta":{"footnotes":""},"class_list":["post-72","page","type-page","status-publish"],"yoast_head":"<!-- This site is optimized with the Yoast SEO plugin v27.2 - https:\/\/yoast.com\/product\/yoast-seo-wordpress\/ -->\n<title>Hjemmeside type 3 - Vestjysk Totalservice<\/title>\n<meta name=\"robots\" content=\"index, follow, max-snippet:-1, max-image-preview:large, max-video-preview:-1\" \/>\n<link rel=\"canonical\" href=\"https:\/\/vestjysk-totalservice.dk\/index.php\/priser\/hjemmeside-type-3\/\" \/>\n<meta property=\"og:locale\" content=\"da_DK\" \/>\n<meta property=\"og:type\" content=\"article\" \/>\n<meta property=\"og:title\" content=\"Hjemmeside type 3 - Vestjysk Totalservice\" \/>\n<meta property=\"og:description\" content=\"Hjemmeside type 3 Responsive Tema Op til 10 menupunkter Billedgalleri Bookingsystem \u00a0automatisk skift til 4 sprog 12 m\u00e5neders pasningsaftale med back-up og sikkerhedsopdateringer og andre \u00e6ndringer efter kundes \u00f8nske. \u00a0Dom\u00e6nenavn og 12 m\u00e5neders gratis hotel \u00a0Opl\u00e6ring af administrationsdel , s\u00e5ledes at du selv kan ligge nyheder og indl\u00e6g op. Pris: 4995 kr + moms\" \/>\n<meta property=\"og:url\" content=\"https:\/\/vestjysk-totalservice.dk\/index.php\/priser\/hjemmeside-type-3\/\" \/>\n<meta property=\"og:site_name\" content=\"Vestjysk Totalservice\" \/>\n<meta property=\"article:publisher\" content=\"https:\/\/www.facebook.com\/vestjysktotalservice\" \/>\n<meta property=\"article:modified_time\" content=\"2016-10-12T15:20:41+00:00\" \/>\n<meta name=\"twitter:card\" content=\"summary_large_image\" \/>\n<script type=\"application\/ld+json\" class=\"yoast-schema-graph\">{\"@context\":\"https:\/\/schema.org\",\"@graph\":[{\"@type\":\"WebPage\",\"@id\":\"https:\/\/vestjysk-totalservice.dk\/index.php\/priser\/hjemmeside-type-3\/\",\"url\":\"https:\/\/vestjysk-totalservice.dk\/index.php\/priser\/hjemmeside-type-3\/\",\"name\":\"Hjemmeside type 3 - Vestjysk Totalservice\",\"isPartOf\":{\"@id\":\"https:\/\/vestjysk-totalservice.dk\/#website\"},\"datePublished\":\"2016-09-26T19:50:17+00:00\",\"dateModified\":\"2016-10-12T15:20:41+00:00\",\"breadcrumb\":{\"@id\":\"https:\/\/vestjysk-totalservice.dk\/index.php\/priser\/hjemmeside-type-3\/#breadcrumb\"},\"inLanguage\":\"da-DK\",\"potentialAction\":[{\"@type\":\"ReadAction\",\"target\":[\"https:\/\/vestjysk-totalservice.dk\/index.php\/priser\/hjemmeside-type-3\/\"]}]},{\"@type\":\"BreadcrumbList\",\"@id\":\"https:\/\/vestjysk-totalservice.dk\/index.php\/priser\/hjemmeside-type-3\/#breadcrumb\",\"itemListElement\":[{\"@type\":\"ListItem\",\"position\":1,\"name\":\"Hjem\",\"item\":\"https:\/\/vestjysk-totalservice.dk\/\"},{\"@type\":\"ListItem\",\"position\":2,\"name\":\"Priser\",\"item\":\"https:\/\/vestjysk-totalservice.dk\/index.php\/priser\/\"},{\"@type\":\"ListItem\",\"position\":3,\"name\":\"Hjemmeside type 3\"}]},{\"@type\":\"WebSite\",\"@id\":\"https:\/\/vestjysk-totalservice.dk\/#website\",\"url\":\"https:\/\/vestjysk-totalservice.dk\/\",\"name\":\"Vestjysk Totalservice\",\"description\":\"Have &amp; anl\u00e6gsarbejde\",\"publisher\":{\"@id\":\"https:\/\/vestjysk-totalservice.dk\/#organization\"},\"potentialAction\":[{\"@type\":\"SearchAction\",\"target\":{\"@type\":\"EntryPoint\",\"urlTemplate\":\"https:\/\/vestjysk-totalservice.dk\/?s={search_term_string}\"},\"query-input\":{\"@type\":\"PropertyValueSpecification\",\"valueRequired\":true,\"valueName\":\"search_term_string\"}}],\"inLanguage\":\"da-DK\"},{\"@type\":\"Organization\",\"@id\":\"https:\/\/vestjysk-totalservice.dk\/#organization\",\"name\":\"Vestjysk-totalservice\",\"url\":\"https:\/\/vestjysk-totalservice.dk\/\",\"logo\":{\"@type\":\"ImageObject\",\"inLanguage\":\"da-DK\",\"@id\":\"https:\/\/vestjysk-totalservice.dk\/#\/schema\/logo\/image\/\",\"url\":\"https:\/\/vestjysk-totalservice.dk\/wp-contents\/uploads\/2016\/09\/logo3-e1474834406780.jpg\",\"contentUrl\":\"https:\/\/vestjysk-totalservice.dk\/wp-contents\/uploads\/2016\/09\/logo3-e1474834406780.jpg\",\"width\":150,\"height\":97,\"caption\":\"Vestjysk-totalservice\"},\"image\":{\"@id\":\"https:\/\/vestjysk-totalservice.dk\/#\/schema\/logo\/image\/\"},\"sameAs\":[\"https:\/\/www.facebook.com\/vestjysktotalservice\"]}]}<\/script>\n<!-- \/ Yoast SEO plugin. -->","yoast_head_json":{"title":"Hjemmeside type 3 - Vestjysk Totalservice","robots":{"index":"index","follow":"follow","max-snippet":"max-snippet:-1","max-image-preview":"max-image-preview:large","max-video-preview":"max-video-preview:-1"},"canonical":"https:\/\/vestjysk-totalservice.dk\/index.php\/priser\/hjemmeside-type-3\/","og_locale":"da_DK","og_type":"article","og_title":"Hjemmeside type 3 - Vestjysk Totalservice","og_description":"Hjemmeside type 3 Responsive Tema Op til 10 menupunkter Billedgalleri Bookingsystem \u00a0automatisk skift til 4 sprog 12 m\u00e5neders pasningsaftale med back-up og sikkerhedsopdateringer og andre \u00e6ndringer efter kundes \u00f8nske. \u00a0Dom\u00e6nenavn og 12 m\u00e5neders gratis hotel \u00a0Opl\u00e6ring af administrationsdel , s\u00e5ledes at du selv kan ligge nyheder og indl\u00e6g op. Pris: 4995 kr + moms","og_url":"https:\/\/vestjysk-totalservice.dk\/index.php\/priser\/hjemmeside-type-3\/","og_site_name":"Vestjysk Totalservice","article_publisher":"https:\/\/www.facebook.com\/vestjysktotalservice","article_modified_time":"2016-10-12T15:20:41+00:00","twitter_card":"summary_large_image","schema":{"@context":"https:\/\/schema.org","@graph":[{"@type":"WebPage","@id":"https:\/\/vestjysk-totalservice.dk\/index.php\/priser\/hjemmeside-type-3\/","url":"https:\/\/vestjysk-totalservice.dk\/index.php\/priser\/hjemmeside-type-3\/","name":"Hjemmeside type 3 - Vestjysk Totalservice","isPartOf":{"@id":"https:\/\/vestjysk-totalservice.dk\/#website"},"datePublished":"2016-09-26T19:50:17+00:00","dateModified":"2016-10-12T15:20:41+00:00","breadcrumb":{"@id":"https:\/\/vestjysk-totalservice.dk\/index.php\/priser\/hjemmeside-type-3\/#breadcrumb"},"inLanguage":"da-DK","potentialAction":[{"@type":"ReadAction","target":["https:\/\/vestjysk-totalservice.dk\/index.php\/priser\/hjemmeside-type-3\/"]}]},{"@type":"BreadcrumbList","@id":"https:\/\/vestjysk-totalservice.dk\/index.php\/priser\/hjemmeside-type-3\/#breadcrumb","itemListElement":[{"@type":"ListItem","position":1,"name":"Hjem","item":"https:\/\/vestjysk-totalservice.dk\/"},{"@type":"ListItem","position":2,"name":"Priser","item":"https:\/\/vestjysk-totalservice.dk\/index.php\/priser\/"},{"@type":"ListItem","position":3,"name":"Hjemmeside type 3"}]},{"@type":"WebSite","@id":"https:\/\/vestjysk-totalservice.dk\/#website","url":"https:\/\/vestjysk-totalservice.dk\/","name":"Vestjysk Totalservice","description":"Have &amp; anl\u00e6gsarbejde","publisher":{"@id":"https:\/\/vestjysk-totalservice.dk\/#organization"},"potentialAction":[{"@type":"SearchAction","target":{"@type":"EntryPoint","urlTemplate":"https:\/\/vestjysk-totalservice.dk\/?s={search_term_string}"},"query-input":{"@type":"PropertyValueSpecification","valueRequired":true,"valueName":"search_term_string"}}],"inLanguage":"da-DK"},{"@type":"Organization","@id":"https:\/\/vestjysk-totalservice.dk\/#organization","name":"Vestjysk-totalservice","url":"https:\/\/vestjysk-totalservice.dk\/","logo":{"@type":"ImageObject","inLanguage":"da-DK","@id":"https:\/\/vestjysk-totalservice.dk\/#\/schema\/logo\/image\/","url":"https:\/\/vestjysk-totalservice.dk\/wp-contents\/uploads\/2016\/09\/logo3-e1474834406780.jpg","contentUrl":"https:\/\/vestjysk-totalservice.dk\/wp-contents\/uploads\/2016\/09\/logo3-e1474834406780.jpg","width":150,"height":97,"caption":"Vestjysk-totalservice"},"image":{"@id":"https:\/\/vestjysk-totalservice.dk\/#\/schema\/logo\/image\/"},"sameAs":["https:\/\/www.facebook.com\/vestjysktotalservice"]}]}},"_links":{"self":[{"href":"https:\/\/vestjysk-totalservice.dk\/index.php\/wp-json\/wp\/v2\/pages\/72","targetHints":{"allow":["GET"]}}],"collection":[{"href":"https:\/\/vestjysk-totalservice.dk\/index.php\/wp-json\/wp\/v2\/pages"}],"about":[{"href":"https:\/\/vestjysk-totalservice.dk\/index.php\/wp-json\/wp\/v2\/types\/page"}],"author":[{"embeddable":true,"href":"https:\/\/vestjysk-totalservice.dk\/index.php\/wp-json\/wp\/v2\/users\/1"}],"replies":[{"embeddable":true,"href":"https:\/\/vestjysk-totalservice.dk\/index.php\/wp-json\/wp\/v2\/comments?post=72"}],"version-history":[{"count":2,"href":"https:\/\/vestjysk-totalservice.dk\/index.php\/wp-json\/wp\/v2\/pages\/72\/revisions"}],"predecessor-version":[{"id":107,"href":"https:\/\/vestjysk-totalservice.dk\/index.php\/wp-json\/wp\/v2\/pages\/72\/revisions\/107"}],"up":[{"embeddable":true,"href":"https:\/\/vestjysk-totalservice.dk\/index.php\/wp-json\/wp\/v2\/pages\/66"}],"wp:attachment":[{"href":"https:\/\/vestjysk-totalservice.dk\/index.php\/wp-json\/wp\/v2\/media?parent=72"}],"curies":[{"name":"wp","href":"https:\/\/api.w.org\/{rel}","templated":true}]}}